

{"id":23354,"date":"2024-10-10T08:08:49","date_gmt":"2024-10-10T08:08:49","guid":{"rendered":"https:\/\/www.kozakli.com.tr\/?page_id=23354"},"modified":"2025-08-04T12:15:16","modified_gmt":"2025-08-04T12:15:16","slug":"belge-ve-sertifikalar","status":"publish","type":"page","link":"https:\/\/www.kozakli.com.tr\/en\/belge-ve-sertifikalar\/","title":{"rendered":"Certifications"},"content":{"rendered":"<div data-elementor-type=\"wp-page\" data-elementor-id=\"23354\" class=\"elementor elementor-23354\" data-elementor-post-type=\"page\">\n\t\t\t\t<div class=\"elementor-element elementor-element-1428cf7 scheme_light e-flex e-con-boxed sc_layouts_column_icons_position_left e-con e-parent\" data-id=\"1428cf7\" data-element_type=\"container\" data-settings=\"{&quot;background_background&quot;:&quot;classic&quot;}\">\n\t\t\t\t\t<div class=\"e-con-inner\">\n\t\t\t\t<div class=\"elementor-element elementor-element-873f008 sc_fly_static elementor-widget elementor-widget-spacer\" data-id=\"873f008\" data-element_type=\"widget\" data-widget_type=\"spacer.default\">\n\t\t\t\t<div class=\"elementor-widget-container\">\n\t\t\t\t\t\t\t<div class=\"elementor-spacer\">\n\t\t\t<div class=\"elementor-spacer-inner\"><\/div>\n\t\t<\/div>\n\t\t\t\t\t\t<\/div>\n\t\t\t\t<\/div>\n\t\t\t\t<div class=\"elementor-element elementor-element-6ff1a5f sc_fly_static elementor-widget elementor-widget-trx_sc_title\" data-id=\"6ff1a5f\" data-element_type=\"widget\" data-widget_type=\"trx_sc_title.default\">\n\t\t\t\t<div class=\"elementor-widget-container\">\n\t\t\t\t\t<div\t\tclass=\"sc_title color_style_dark sc_title_default\" ><h2 class=\"sc_item_title sc_title_title sc_align_center sc_item_title_style_default sc_item_title_tag\"\n\t\t\t><span class=\"sc_item_title_text\">Our Certificates<\/span><\/h2><\/div>\t\t\t\t<\/div>\n\t\t\t\t<\/div>\n\t\t\t\t<div class=\"elementor-element elementor-element-b7f90eb elementor-widget__width-initial sc_fly_static elementor-widget elementor-widget-text-editor\" data-id=\"b7f90eb\" data-element_type=\"widget\" data-widget_type=\"text-editor.default\">\n\t\t\t\t<div class=\"elementor-widget-container\">\n\t\t\t\t\t\t\t\t\t<div class=\"wpb_text_column wpb_content_element\"><div class=\"wpb_wrapper\"><div class=\"vc_row wpb_row vc_row-fluid qodef-section vc_custom_1698042599712 qodef-content-aligment-center qodef-grid-section\"><div class=\"clearfix qodef-section-inner\"><div class=\"qodef-section-inner-margin clearfix\"><div class=\"wpb_column vc_column_container vc_col-sm-12\"><div class=\"vc_column-inner\"><div class=\"wpb_wrapper\"><div class=\"wpb_text_column wpb_content_element vc_custom_1720206180054\"><div class=\"wpb_wrapper\"><p>You can review our certificate documents by clicking on them.<\/p><\/div><\/div><\/div><\/div><\/div><\/div><\/div><\/div><\/div><\/div>\t\t\t\t\t\t\t\t<\/div>\n\t\t\t\t<\/div>\n\t\t<div class=\"elementor-element elementor-element-4e09412 e-con-full e-flex sc_layouts_column_icons_position_left e-con e-child\" data-id=\"4e09412\" data-element_type=\"container\">\n\t\t<div class=\"elementor-element elementor-element-91fd1cd e-con-full e-flex sc_layouts_column_icons_position_left e-con e-child\" data-id=\"91fd1cd\" data-element_type=\"container\">\n\t\t\t\t<div class=\"elementor-element elementor-element-b9c2b0c sc_fly_static elementor-widget elementor-widget-heading\" data-id=\"b9c2b0c\" data-element_type=\"widget\" data-widget_type=\"heading.default\">\n\t\t\t\t<div class=\"elementor-widget-container\">\n\t\t\t\t\t<h6 class=\"elementor-heading-title elementor-size-default\">ISO 9001:2015\n\n<\/h6>\t\t\t\t<\/div>\n\t\t\t\t<\/div>\n\t\t\t\t<div class=\"elementor-element elementor-element-2a97080 sc_fly_static elementor-widget elementor-widget-image\" data-id=\"2a97080\" data-element_type=\"widget\" data-widget_type=\"image.default\">\n\t\t\t\t<div class=\"elementor-widget-container\">\n\t\t\t\t\t\t\t\t\t\t\t\t\t\t\t\t<a href=\"https:\/\/www.kozakli.com.tr\/wp-content\/uploads\/2025\/07\/KOZAKLI-TARIM-ISO-9001.pdf\" target=\"_blank\">\n\t\t\t\t\t\t\t<img fetchpriority=\"high\" decoding=\"async\" width=\"500\" height=\"712\" src=\"https:\/\/www.kozakli.com.tr\/wp-content\/uploads\/2025\/07\/iso9001.png\" class=\"attachment-large size-large wp-image-24499\" alt=\"\" srcset=\"https:\/\/www.kozakli.com.tr\/wp-content\/uploads\/2025\/07\/iso9001.png 500w, https:\/\/www.kozakli.com.tr\/wp-content\/uploads\/2025\/07\/iso9001-211x300.png 211w, https:\/\/www.kozakli.com.tr\/wp-content\/uploads\/2025\/07\/iso9001-8x12.png 8w, https:\/\/www.kozakli.com.tr\/wp-content\/uploads\/2025\/07\/iso9001-370x527.png 370w, https:\/\/www.kozakli.com.tr\/wp-content\/uploads\/2025\/07\/iso9001-410x584.png 410w\" sizes=\"(max-width: 600px) 100vw, 500px\" \/>\t\t\t\t\t\t\t\t<\/a>\n\t\t\t\t\t\t\t\t\t\t\t\t\t\t\t<\/div>\n\t\t\t\t<\/div>\n\t\t\t\t<\/div>\n\t\t<div class=\"elementor-element elementor-element-e8de78f e-con-full e-flex sc_layouts_column_icons_position_left e-con e-child\" data-id=\"e8de78f\" data-element_type=\"container\">\n\t\t\t\t<div class=\"elementor-element elementor-element-ff19dc7 sc_fly_static elementor-widget elementor-widget-heading\" data-id=\"ff19dc7\" data-element_type=\"widget\" data-widget_type=\"heading.default\">\n\t\t\t\t<div class=\"elementor-widget-container\">\n\t\t\t\t\t<h6 class=\"elementor-heading-title elementor-size-default\">ISO 22000:2018\n\n<\/h6>\t\t\t\t<\/div>\n\t\t\t\t<\/div>\n\t\t\t\t<div class=\"elementor-element elementor-element-484384b sc_fly_static elementor-widget elementor-widget-image\" data-id=\"484384b\" data-element_type=\"widget\" data-widget_type=\"image.default\">\n\t\t\t\t<div class=\"elementor-widget-container\">\n\t\t\t\t\t\t\t\t\t\t\t\t\t\t\t\t<a href=\"https:\/\/www.kozakli.com.tr\/wp-content\/uploads\/2025\/07\/KOZAKLI-TARIM-ISO-22000.pdf\" target=\"_blank\">\n\t\t\t\t\t\t\t<img decoding=\"async\" width=\"500\" height=\"712\" src=\"https:\/\/www.kozakli.com.tr\/wp-content\/uploads\/2025\/07\/iso22000.png\" class=\"attachment-large size-large wp-image-24506\" alt=\"\" srcset=\"https:\/\/www.kozakli.com.tr\/wp-content\/uploads\/2025\/07\/iso22000.png 500w, https:\/\/www.kozakli.com.tr\/wp-content\/uploads\/2025\/07\/iso22000-211x300.png 211w, https:\/\/www.kozakli.com.tr\/wp-content\/uploads\/2025\/07\/iso22000-8x12.png 8w, https:\/\/www.kozakli.com.tr\/wp-content\/uploads\/2025\/07\/iso22000-370x527.png 370w, https:\/\/www.kozakli.com.tr\/wp-content\/uploads\/2025\/07\/iso22000-410x584.png 410w\" sizes=\"(max-width: 600px) 100vw, 500px\" \/>\t\t\t\t\t\t\t\t<\/a>\n\t\t\t\t\t\t\t\t\t\t\t\t\t\t\t<\/div>\n\t\t\t\t<\/div>\n\t\t\t\t<\/div>\n\t\t<div class=\"elementor-element elementor-element-f6c36bb e-con-full e-flex sc_layouts_column_icons_position_left e-con e-child\" data-id=\"f6c36bb\" data-element_type=\"container\">\n\t\t\t\t<div class=\"elementor-element elementor-element-8dfe00f sc_fly_static elementor-widget elementor-widget-heading\" data-id=\"8dfe00f\" data-element_type=\"widget\" data-widget_type=\"heading.default\">\n\t\t\t\t<div class=\"elementor-widget-container\">\n\t\t\t\t\t<h6 class=\"elementor-heading-title elementor-size-default\">ISO 22000\n\n<\/h6>\t\t\t\t<\/div>\n\t\t\t\t<\/div>\n\t\t\t\t<div class=\"elementor-element elementor-element-1d3fbcc sc_fly_static elementor-widget elementor-widget-image\" data-id=\"1d3fbcc\" data-element_type=\"widget\" data-widget_type=\"image.default\">\n\t\t\t\t<div class=\"elementor-widget-container\">\n\t\t\t\t\t\t\t\t\t\t\t\t\t\t\t\t<a href=\"https:\/\/www.kozakli.com.tr\/wp-content\/uploads\/2025\/07\/KOZAKLI-FSSC-22000-KAPSAM-GENISLETME.pdf\" target=\"_blank\">\n\t\t\t\t\t\t\t<img decoding=\"async\" width=\"720\" height=\"1024\" src=\"https:\/\/www.kozakli.com.tr\/wp-content\/uploads\/2025\/07\/fssc22000-720x1024.jpeg\" class=\"attachment-large size-large wp-image-24507\" alt=\"\" srcset=\"https:\/\/www.kozakli.com.tr\/wp-content\/uploads\/2025\/07\/fssc22000-720x1024.jpeg 720w, https:\/\/www.kozakli.com.tr\/wp-content\/uploads\/2025\/07\/fssc22000-211x300.jpeg 211w, https:\/\/www.kozakli.com.tr\/wp-content\/uploads\/2025\/07\/fssc22000-768x1092.jpeg 768w, https:\/\/www.kozakli.com.tr\/wp-content\/uploads\/2025\/07\/fssc22000-8x12.jpeg 8w, https:\/\/www.kozakli.com.tr\/wp-content\/uploads\/2025\/07\/fssc22000-370x526.jpeg 370w, https:\/\/www.kozakli.com.tr\/wp-content\/uploads\/2025\/07\/fssc22000-840x1195.jpeg 840w, https:\/\/www.kozakli.com.tr\/wp-content\/uploads\/2025\/07\/fssc22000-410x583.jpeg 410w, https:\/\/www.kozakli.com.tr\/wp-content\/uploads\/2025\/07\/fssc22000.jpeg 966w\" sizes=\"(max-width: 720px) 100vw, 720px\" \/>\t\t\t\t\t\t\t\t<\/a>\n\t\t\t\t\t\t\t\t\t\t\t\t\t\t\t<\/div>\n\t\t\t\t<\/div>\n\t\t\t\t<\/div>\n\t\t\t\t<\/div>\n\t\t<div class=\"elementor-element elementor-element-82bd07e e-con-full e-flex sc_layouts_column_icons_position_left e-con e-child\" data-id=\"82bd07e\" data-element_type=\"container\">\n\t\t<div class=\"elementor-element elementor-element-65a8e9b e-con-full e-flex sc_layouts_column_icons_position_left e-con e-child\" data-id=\"65a8e9b\" data-element_type=\"container\">\n\t\t\t\t<div class=\"elementor-element elementor-element-a410550 sc_fly_static elementor-widget elementor-widget-heading\" data-id=\"a410550\" data-element_type=\"widget\" data-widget_type=\"heading.default\">\n\t\t\t\t<div class=\"elementor-widget-container\">\n\t\t\t\t\t<h6 class=\"elementor-heading-title elementor-size-default\">Kosher Certificate<\/h6>\t\t\t\t<\/div>\n\t\t\t\t<\/div>\n\t\t\t\t<div class=\"elementor-element elementor-element-6df1035 sc_fly_static elementor-widget elementor-widget-image\" data-id=\"6df1035\" data-element_type=\"widget\" data-widget_type=\"image.default\">\n\t\t\t\t<div class=\"elementor-widget-container\">\n\t\t\t\t\t\t\t\t\t\t\t\t\t\t\t\t<a href=\"https:\/\/www.kozakli.com.tr\/wp-content\/uploads\/2025\/07\/KOZAKLI-KOSHER-MAY2026-REVIZE.pdf\" target=\"_blank\">\n\t\t\t\t\t\t\t<img loading=\"lazy\" decoding=\"async\" width=\"729\" height=\"1024\" src=\"https:\/\/www.kozakli.com.tr\/wp-content\/uploads\/2025\/07\/kosher-sertifikasi-729x1024.jpeg\" class=\"attachment-large size-large wp-image-24508\" alt=\"\" srcset=\"https:\/\/www.kozakli.com.tr\/wp-content\/uploads\/2025\/07\/kosher-sertifikasi-729x1024.jpeg 729w, https:\/\/www.kozakli.com.tr\/wp-content\/uploads\/2025\/07\/kosher-sertifikasi-213x300.jpeg 213w, https:\/\/www.kozakli.com.tr\/wp-content\/uploads\/2025\/07\/kosher-sertifikasi-768x1079.jpeg 768w, https:\/\/www.kozakli.com.tr\/wp-content\/uploads\/2025\/07\/kosher-sertifikasi-9x12.jpeg 9w, https:\/\/www.kozakli.com.tr\/wp-content\/uploads\/2025\/07\/kosher-sertifikasi-370x520.jpeg 370w, https:\/\/www.kozakli.com.tr\/wp-content\/uploads\/2025\/07\/kosher-sertifikasi-840x1181.jpeg 840w, https:\/\/www.kozakli.com.tr\/wp-content\/uploads\/2025\/07\/kosher-sertifikasi-410x576.jpeg 410w, https:\/\/www.kozakli.com.tr\/wp-content\/uploads\/2025\/07\/kosher-sertifikasi.jpeg 888w\" sizes=\"(max-width: 729px) 100vw, 729px\" \/>\t\t\t\t\t\t\t\t<\/a>\n\t\t\t\t\t\t\t\t\t\t\t\t\t\t\t<\/div>\n\t\t\t\t<\/div>\n\t\t\t\t<\/div>\n\t\t<div class=\"elementor-element elementor-element-e122ca5 e-con-full e-flex sc_layouts_column_icons_position_left e-con e-child\" data-id=\"e122ca5\" data-element_type=\"container\">\n\t\t\t\t<div class=\"elementor-element elementor-element-69dae7c sc_fly_static elementor-widget elementor-widget-heading\" data-id=\"69dae7c\" data-element_type=\"widget\" data-widget_type=\"heading.default\">\n\t\t\t\t<div class=\"elementor-widget-container\">\n\t\t\t\t\t<h6 class=\"elementor-heading-title elementor-size-default\">ISO 14001\n<\/h6>\t\t\t\t<\/div>\n\t\t\t\t<\/div>\n\t\t\t\t<div class=\"elementor-element elementor-element-8f635a0 sc_fly_static elementor-widget elementor-widget-image\" data-id=\"8f635a0\" data-element_type=\"widget\" data-widget_type=\"image.default\">\n\t\t\t\t<div class=\"elementor-widget-container\">\n\t\t\t\t\t\t\t\t\t\t\t\t\t\t\t\t<a href=\"https:\/\/www.kozakli.com.tr\/wp-content\/uploads\/2025\/07\/KOZAKLI-ISO-14001.pdf\" target=\"_blank\">\n\t\t\t\t\t\t\t<img loading=\"lazy\" decoding=\"async\" width=\"500\" height=\"712\" src=\"https:\/\/www.kozakli.com.tr\/wp-content\/uploads\/2025\/07\/iso14001.png\" class=\"attachment-large size-large wp-image-24509\" alt=\"\" srcset=\"https:\/\/www.kozakli.com.tr\/wp-content\/uploads\/2025\/07\/iso14001.png 500w, https:\/\/www.kozakli.com.tr\/wp-content\/uploads\/2025\/07\/iso14001-211x300.png 211w, https:\/\/www.kozakli.com.tr\/wp-content\/uploads\/2025\/07\/iso14001-8x12.png 8w, https:\/\/www.kozakli.com.tr\/wp-content\/uploads\/2025\/07\/iso14001-370x527.png 370w, https:\/\/www.kozakli.com.tr\/wp-content\/uploads\/2025\/07\/iso14001-410x584.png 410w\" sizes=\"(max-width: 600px) 100vw, 500px\" \/>\t\t\t\t\t\t\t\t<\/a>\n\t\t\t\t\t\t\t\t\t\t\t\t\t\t\t<\/div>\n\t\t\t\t<\/div>\n\t\t\t\t<\/div>\n\t\t<div class=\"elementor-element elementor-element-e814d01 e-con-full e-flex sc_layouts_column_icons_position_left e-con e-child\" data-id=\"e814d01\" data-element_type=\"container\">\n\t\t\t\t<div class=\"elementor-element elementor-element-731c2a2 sc_fly_static elementor-widget elementor-widget-heading\" data-id=\"731c2a2\" data-element_type=\"widget\" data-widget_type=\"heading.default\">\n\t\t\t\t<div class=\"elementor-widget-container\">\n\t\t\t\t\t<h6 class=\"elementor-heading-title elementor-size-default\">Halal Certificate<\/h6>\t\t\t\t<\/div>\n\t\t\t\t<\/div>\n\t\t\t\t<div class=\"elementor-element elementor-element-c32414b sc_fly_static elementor-widget elementor-widget-image\" data-id=\"c32414b\" data-element_type=\"widget\" data-widget_type=\"image.default\">\n\t\t\t\t<div class=\"elementor-widget-container\">\n\t\t\t\t\t\t\t\t\t\t\t\t\t\t\t\t<a href=\"https:\/\/www.kozakli.com.tr\/wp-content\/uploads\/2025\/07\/KOZAKLI-HELAL-ING-24032026.pdf\" target=\"_blank\">\n\t\t\t\t\t\t\t<img loading=\"lazy\" decoding=\"async\" width=\"712\" height=\"1024\" src=\"https:\/\/www.kozakli.com.tr\/wp-content\/uploads\/2025\/07\/Kozakli-Tarim-Helal-Kesim-Sertifikasi-712x1024.jpeg\" class=\"attachment-large size-large wp-image-24510\" alt=\"\" srcset=\"https:\/\/www.kozakli.com.tr\/wp-content\/uploads\/2025\/07\/Kozakli-Tarim-Helal-Kesim-Sertifikasi-712x1024.jpeg 712w, https:\/\/www.kozakli.com.tr\/wp-content\/uploads\/2025\/07\/Kozakli-Tarim-Helal-Kesim-Sertifikasi-209x300.jpeg 209w, https:\/\/www.kozakli.com.tr\/wp-content\/uploads\/2025\/07\/Kozakli-Tarim-Helal-Kesim-Sertifikasi-768x1104.jpeg 768w, https:\/\/www.kozakli.com.tr\/wp-content\/uploads\/2025\/07\/Kozakli-Tarim-Helal-Kesim-Sertifikasi-8x12.jpeg 8w, https:\/\/www.kozakli.com.tr\/wp-content\/uploads\/2025\/07\/Kozakli-Tarim-Helal-Kesim-Sertifikasi-370x532.jpeg 370w, https:\/\/www.kozakli.com.tr\/wp-content\/uploads\/2025\/07\/Kozakli-Tarim-Helal-Kesim-Sertifikasi-840x1208.jpeg 840w, https:\/\/www.kozakli.com.tr\/wp-content\/uploads\/2025\/07\/Kozakli-Tarim-Helal-Kesim-Sertifikasi-410x589.jpeg 410w, https:\/\/www.kozakli.com.tr\/wp-content\/uploads\/2025\/07\/Kozakli-Tarim-Helal-Kesim-Sertifikasi.jpeg 946w\" sizes=\"(max-width: 712px) 100vw, 712px\" \/>\t\t\t\t\t\t\t\t<\/a>\n\t\t\t\t\t\t\t\t\t\t\t\t\t\t\t<\/div>\n\t\t\t\t<\/div>\n\t\t\t\t<\/div>\n\t\t\t\t<\/div>\n\t\t\t\t<div class=\"elementor-element elementor-element-4f35065 sc_fly_static elementor-widget elementor-widget-spacer\" data-id=\"4f35065\" data-element_type=\"widget\" data-widget_type=\"spacer.default\">\n\t\t\t\t<div class=\"elementor-widget-container\">\n\t\t\t\t\t\t\t<div class=\"elementor-spacer\">\n\t\t\t<div class=\"elementor-spacer-inner\"><\/div>\n\t\t<\/div>\n\t\t\t\t\t\t<\/div>\n\t\t\t\t<\/div>\n\t\t\t\t\t<\/div>\n\t\t\t\t<\/div>\n\t\t<div class=\"elementor-element elementor-element-83d87cf e-flex e-con-boxed sc_layouts_column_icons_position_left e-con e-parent\" data-id=\"83d87cf\" data-element_type=\"container\">\n\t\t\t\t\t<div class=\"e-con-inner\">\n\t\t\t\t<div class=\"elementor-element elementor-element-bb4c79a sc_fly_static elementor-widget elementor-widget-spacer\" data-id=\"bb4c79a\" data-element_type=\"widget\" data-widget_type=\"spacer.default\">\n\t\t\t\t<div class=\"elementor-widget-container\">\n\t\t\t\t\t\t\t<div class=\"elementor-spacer\">\n\t\t\t<div class=\"elementor-spacer-inner\"><\/div>\n\t\t<\/div>\n\t\t\t\t\t\t<\/div>\n\t\t\t\t<\/div>\n\t\t\t\t<div class=\"elementor-element elementor-element-bc19dbb sc_fly_static elementor-widget elementor-widget-trx_sc_title\" data-id=\"bc19dbb\" data-element_type=\"widget\" data-widget_type=\"trx_sc_title.default\">\n\t\t\t\t<div class=\"elementor-widget-container\">\n\t\t\t\t\t<div\t\tclass=\"sc_title color_style_dark sc_title_default\" ><h2 class=\"sc_item_title sc_title_title sc_align_center sc_item_title_style_default sc_item_title_tag\"\n\t\t\t><span class=\"sc_item_title_text\">Our Policies<\/span><\/h2><\/div>\t\t\t\t<\/div>\n\t\t\t\t<\/div>\n\t\t\t\t<div class=\"elementor-element elementor-element-3abbf2b elementor-widget__width-initial sc_fly_static elementor-widget elementor-widget-text-editor\" data-id=\"3abbf2b\" data-element_type=\"widget\" data-widget_type=\"text-editor.default\">\n\t\t\t\t<div class=\"elementor-widget-container\">\n\t\t\t\t\t\t\t\t\t<div class=\"wpb_text_column wpb_content_element\"><div class=\"wpb_wrapper\"><p>You can review the information documents by clicking on.<\/p><\/div><\/div>\t\t\t\t\t\t\t\t<\/div>\n\t\t\t\t<\/div>\n\t\t<div class=\"elementor-element elementor-element-a3f4a6a e-con-full e-flex sc_layouts_column_icons_position_left e-con e-child\" data-id=\"a3f4a6a\" data-element_type=\"container\">\n\t\t<div class=\"elementor-element elementor-element-0bb477e e-con-full e-flex sc_layouts_column_icons_position_left e-con e-child\" data-id=\"0bb477e\" data-element_type=\"container\">\n\t\t\t\t<div class=\"elementor-element elementor-element-b7e7f61 sc_fly_static elementor-widget elementor-widget-heading\" data-id=\"b7e7f61\" data-element_type=\"widget\" data-widget_type=\"heading.default\">\n\t\t\t\t<div class=\"elementor-widget-container\">\n\t\t\t\t\t<h6 class=\"elementor-heading-title elementor-size-default\">Our Quality and Food Safety Policy<\/h6>\t\t\t\t<\/div>\n\t\t\t\t<\/div>\n\t\t\t\t<div class=\"elementor-element elementor-element-803e799 sc_fly_static elementor-widget elementor-widget-image\" data-id=\"803e799\" data-element_type=\"widget\" data-widget_type=\"image.default\">\n\t\t\t\t<div class=\"elementor-widget-container\">\n\t\t\t\t\t\t\t\t\t\t\t\t\t\t\t\t<a href=\"https:\/\/www.kozakli.com.tr\/wp-content\/uploads\/2025\/08\/Kozakli_Politika_Kalite-1.pdf\" target=\"_blank\">\n\t\t\t\t\t\t\t<img loading=\"lazy\" decoding=\"async\" width=\"500\" height=\"708\" src=\"https:\/\/www.kozakli.com.tr\/wp-content\/uploads\/2024\/10\/Kalite-ve-Gida-Guvenligi-Politikamiz.png\" class=\"attachment-large size-large wp-image-23356\" alt=\"\" srcset=\"https:\/\/www.kozakli.com.tr\/wp-content\/uploads\/2024\/10\/Kalite-ve-Gida-Guvenligi-Politikamiz.png 500w, https:\/\/www.kozakli.com.tr\/wp-content\/uploads\/2024\/10\/Kalite-ve-Gida-Guvenligi-Politikamiz-212x300.png 212w, https:\/\/www.kozakli.com.tr\/wp-content\/uploads\/2024\/10\/Kalite-ve-Gida-Guvenligi-Politikamiz-370x524.png 370w, https:\/\/www.kozakli.com.tr\/wp-content\/uploads\/2024\/10\/Kalite-ve-Gida-Guvenligi-Politikamiz-410x581.png 410w\" sizes=\"(max-width: 600px) 100vw, 500px\" \/>\t\t\t\t\t\t\t\t<\/a>\n\t\t\t\t\t\t\t\t\t\t\t\t\t\t\t<\/div>\n\t\t\t\t<\/div>\n\t\t\t\t<\/div>\n\t\t<div class=\"elementor-element elementor-element-3f527f6 e-con-full e-flex sc_layouts_column_icons_position_left e-con e-child\" data-id=\"3f527f6\" data-element_type=\"container\">\n\t\t\t\t<div class=\"elementor-element elementor-element-4349838 sc_fly_static elementor-widget elementor-widget-heading\" data-id=\"4349838\" data-element_type=\"widget\" data-widget_type=\"heading.default\">\n\t\t\t\t<div class=\"elementor-widget-container\">\n\t\t\t\t\t<h6 class=\"elementor-heading-title elementor-size-default\">Our Environmental Policy<\/h6>\t\t\t\t<\/div>\n\t\t\t\t<\/div>\n\t\t\t\t<div class=\"elementor-element elementor-element-52baf05 sc_fly_static elementor-widget elementor-widget-image\" data-id=\"52baf05\" data-element_type=\"widget\" data-widget_type=\"image.default\">\n\t\t\t\t<div class=\"elementor-widget-container\">\n\t\t\t\t\t\t\t\t\t\t\t\t\t\t\t\t<a href=\"https:\/\/www.kozakli.com.tr\/wp-content\/uploads\/2025\/08\/Kozakli_Politika_Cevre-3.pdf\" target=\"_blank\">\n\t\t\t\t\t\t\t<img loading=\"lazy\" decoding=\"async\" width=\"500\" height=\"708\" src=\"https:\/\/www.kozakli.com.tr\/wp-content\/uploads\/2024\/10\/Cevre-Politikamiz-1.png\" class=\"attachment-large size-large wp-image-23357\" alt=\"\" srcset=\"https:\/\/www.kozakli.com.tr\/wp-content\/uploads\/2024\/10\/Cevre-Politikamiz-1.png 500w, https:\/\/www.kozakli.com.tr\/wp-content\/uploads\/2024\/10\/Cevre-Politikamiz-1-212x300.png 212w, https:\/\/www.kozakli.com.tr\/wp-content\/uploads\/2024\/10\/Cevre-Politikamiz-1-370x524.png 370w, https:\/\/www.kozakli.com.tr\/wp-content\/uploads\/2024\/10\/Cevre-Politikamiz-1-410x581.png 410w\" sizes=\"(max-width: 600px) 100vw, 500px\" \/>\t\t\t\t\t\t\t\t<\/a>\n\t\t\t\t\t\t\t\t\t\t\t\t\t\t\t<\/div>\n\t\t\t\t<\/div>\n\t\t\t\t<\/div>\n\t\t<div class=\"elementor-element elementor-element-8290689 e-con-full e-flex sc_layouts_column_icons_position_left e-con e-child\" data-id=\"8290689\" data-element_type=\"container\">\n\t\t\t\t<div class=\"elementor-element elementor-element-838e0d8 sc_fly_static elementor-widget elementor-widget-heading\" data-id=\"838e0d8\" data-element_type=\"widget\" data-widget_type=\"heading.default\">\n\t\t\t\t<div class=\"elementor-widget-container\">\n\t\t\t\t\t<h6 class=\"elementor-heading-title elementor-size-default\">Mision &amp; Vision<\/h6>\t\t\t\t<\/div>\n\t\t\t\t<\/div>\n\t\t\t\t<div class=\"elementor-element elementor-element-b6a8436 sc_fly_static elementor-widget elementor-widget-image\" data-id=\"b6a8436\" data-element_type=\"widget\" data-widget_type=\"image.default\">\n\t\t\t\t<div class=\"elementor-widget-container\">\n\t\t\t\t\t\t\t\t\t\t\t\t\t\t\t\t<a href=\"https:\/\/www.kozakli.com.tr\/wp-content\/uploads\/2025\/08\/Kozakli_Politika_Cevre-3.pdf\" target=\"_blank\">\n\t\t\t\t\t\t\t<img loading=\"lazy\" decoding=\"async\" width=\"500\" height=\"708\" src=\"https:\/\/www.kozakli.com.tr\/wp-content\/uploads\/2024\/10\/Cevre-Politikamiz-1.png\" class=\"attachment-large size-large wp-image-23357\" alt=\"\" srcset=\"https:\/\/www.kozakli.com.tr\/wp-content\/uploads\/2024\/10\/Cevre-Politikamiz-1.png 500w, https:\/\/www.kozakli.com.tr\/wp-content\/uploads\/2024\/10\/Cevre-Politikamiz-1-212x300.png 212w, https:\/\/www.kozakli.com.tr\/wp-content\/uploads\/2024\/10\/Cevre-Politikamiz-1-370x524.png 370w, https:\/\/www.kozakli.com.tr\/wp-content\/uploads\/2024\/10\/Cevre-Politikamiz-1-410x581.png 410w\" sizes=\"(max-width: 600px) 100vw, 500px\" \/>\t\t\t\t\t\t\t\t<\/a>\n\t\t\t\t\t\t\t\t\t\t\t\t\t\t\t<\/div>\n\t\t\t\t<\/div>\n\t\t\t\t<\/div>\n\t\t\t\t<\/div>\n\t\t\t\t<div class=\"elementor-element elementor-element-ffa0c50 sc_fly_static elementor-widget elementor-widget-spacer\" data-id=\"ffa0c50\" data-element_type=\"widget\" data-widget_type=\"spacer.default\">\n\t\t\t\t<div class=\"elementor-widget-container\">\n\t\t\t\t\t\t\t<div class=\"elementor-spacer\">\n\t\t\t<div class=\"elementor-spacer-inner\"><\/div>\n\t\t<\/div>\n\t\t\t\t\t\t<\/div>\n\t\t\t\t<\/div>\n\t\t\t\t\t<\/div>\n\t\t\t\t<\/div>\n\t\t\t\t<section class=\"elementor-section elementor-top-section elementor-element elementor-element-92e3b5d elementor-section-stretched elementor-section-boxed elementor-section-height-default elementor-section-height-default sc_fly_static\" data-id=\"92e3b5d\" data-element_type=\"section\" data-settings=\"{&quot;stretch_section&quot;:&quot;section-stretched&quot;}\">\n\t\t\t\t\t\t<div class=\"elementor-container elementor-column-gap-extended\">\n\t\t\t\t\t<div class=\"elementor-column elementor-col-100 elementor-top-column elementor-element elementor-element-a04fc6c sc_content_align_inherit sc_layouts_column_icons_position_left sc_fly_static\" data-id=\"a04fc6c\" data-element_type=\"column\">\n\t\t\t<div class=\"elementor-widget-wrap elementor-element-populated\">\n\t\t\t\t\t\t<div class=\"elementor-element elementor-element-f873cfa sc_fly_static elementor-widget elementor-widget-spacer\" data-id=\"f873cfa\" data-element_type=\"widget\" data-widget_type=\"spacer.default\">\n\t\t\t\t<div class=\"elementor-widget-container\">\n\t\t\t\t\t\t\t<div class=\"elementor-spacer\">\n\t\t\t<div class=\"elementor-spacer-inner\"><\/div>\n\t\t<\/div>\n\t\t\t\t\t\t<\/div>\n\t\t\t\t<\/div>\n\t\t\t\t\t<\/div>\n\t\t<\/div>\n\t\t\t\t\t<\/div>\n\t\t<\/section>\n\t\t\t\t<\/div>","protected":false},"excerpt":{"rendered":"<p>Sertifikalar\u0131m\u0131z Sertifika belgelerimizi \u00fczerine t\u0131klayarak inceleyebilirsiniz. ISO 9001:2015 ISO 22000:2018 ISO 22000 Kosher Sertifikas\u0131 ISO 14001 Helal Sertifikas\u0131 Politikalar\u0131m\u0131z Bilgilendirme dok\u00fcmanlar\u0131n\u0131 \u00fczerine t\u0131klayarak inceleyebilirsiniz. Kalite ve G\u0131da G\u00fcvenli\u011fi Politikam\u0131z \u00c7evre&hellip;<\/p>","protected":false},"author":1,"featured_media":0,"parent":0,"menu_order":0,"comment_status":"closed","ping_status":"closed","template":"","meta":{"footnotes":""},"class_list":["post-23354","page","type-page","status-publish","hentry"],"_links":{"self":[{"href":"https:\/\/www.kozakli.com.tr\/en\/wp-json\/wp\/v2\/pages\/23354","targetHints":{"allow":["GET"]}}],"collection":[{"href":"https:\/\/www.kozakli.com.tr\/en\/wp-json\/wp\/v2\/pages"}],"about":[{"href":"https:\/\/www.kozakli.com.tr\/en\/wp-json\/wp\/v2\/types\/page"}],"author":[{"embeddable":true,"href":"https:\/\/www.kozakli.com.tr\/en\/wp-json\/wp\/v2\/users\/1"}],"replies":[{"embeddable":true,"href":"https:\/\/www.kozakli.com.tr\/en\/wp-json\/wp\/v2\/comments?post=23354"}],"version-history":[{"count":76,"href":"https:\/\/www.kozakli.com.tr\/en\/wp-json\/wp\/v2\/pages\/23354\/revisions"}],"predecessor-version":[{"id":24553,"href":"https:\/\/www.kozakli.com.tr\/en\/wp-json\/wp\/v2\/pages\/23354\/revisions\/24553"}],"wp:attachment":[{"href":"https:\/\/www.kozakli.com.tr\/en\/wp-json\/wp\/v2\/media?parent=23354"}],"curies":[{"name":"wp","href":"https:\/\/api.w.org\/{rel}","templated":true}]}}